{"id":185,"date":"2022-04-08T21:12:19","date_gmt":"2022-04-08T21:12:19","guid":{"rendered":"https:\/\/contest-compusoft2020.com\/rules-regulations\/"},"modified":"2022-04-19T23:21:18","modified_gmt":"2022-04-19T23:21:18","slug":"rules-regulations","status":"publish","type":"page","link":"https:\/\/contest-compusoft2020.com\/de\/rules-regulations\/","title":{"rendered":"Regeln &#038; Vorschriften"},"content":{"rendered":"\t\t<div data-elementor-type=\"wp-page\" data-elementor-id=\"185\" class=\"elementor elementor-185 elementor-158\" data-elementor-post-type=\"page\">\n\t\t\t\t\t\t<section class=\"elementor-section elementor-top-section elementor-element elementor-element-8059e2e elementor-section-boxed elementor-section-height-default elementor-section-height-default\" data-id=\"8059e2e\" data-element_type=\"section\">\n\t\t\t\t\t\t<div class=\"elementor-container elementor-column-gap-default\">\n\t\t\t\t\t<div class=\"elementor-column elementor-col-100 elementor-top-column elementor-element elementor-element-918be25\" data-id=\"918be25\" data-element_type=\"column\">\n\t\t\t<div class=\"elementor-widget-wrap elementor-element-populated\">\n\t\t\t\t\t\t<div class=\"elementor-element elementor-element-7e49944 elementor-widget elementor-widget-heading\" data-id=\"7e49944\" data-element_type=\"widget\" data-widget_type=\"heading.default\">\n\t\t\t\t<div class=\"elementor-widget-container\">\n\t\t\t\t\t<h1 class=\"elementor-heading-title elementor-size-default\">Regeln &amp; Vorschriften<\/h1>\t\t\t\t<\/div>\n\t\t\t\t<\/div>\n\t\t\t\t<div class=\"elementor-element elementor-element-61111ab elementor-widget elementor-widget-text-editor\" data-id=\"61111ab\" data-element_type=\"widget\" data-widget_type=\"text-editor.default\">\n\t\t\t\t<div class=\"elementor-widget-container\">\n\t\t\t\t\t\t\t\t\t<p>2020 Technologies und Compusoft verlosen 12 Amazon-Geschenkkarten im Wert von jeweils 500 US-Dollar an die Erstplatzierten, die ihre Ergebnisse (z. B. Rendering, 360\u00b0-Panorama) aus 2020 Design Live, 2020 Fusion Live, 2020 Visual Impression, Winner oder Innoplus in einer der 12 Kategorien zum &#8222;2020 and Compusoft Global Inspiration Contest&#8220; einreichen.<\/p><ul><li>2020 Design Live K\u00fcche<\/li><li>2020 Design Live Bad<\/li><li>2020 Design Live 360\u2070 Panorama &#8211; jeder Raum<\/li><li>2020 Fusion Live K\u00fcche<\/li><li>2020 Fusion Live Bad<\/li><li>2020 Fusion Live 360\u2070 Panorama &#8211; jeder Raum<\/li><li>2020 Office &#8211; Bildungsr\u00e4ume<\/li><li>2020 Office &#8211; Gro\u00dfraumb\u00fcro<\/li><li>2020 Office &#8211; Kleiner B\u00fcroraum<\/li><li>Winner &#8211; K\u00fcche<\/li><li>Innoplus Badezimmer<\/li><li>Winner oder Innoplus Showcase 360 &#8211; jeder Raum<\/li><\/ul><p>Au\u00dferdem vergeben 2020 und Compusoft 4 Hauptpreise (Amazon-Gutscheine im Wert von 1000 $) an die Erstplatzierten:<\/p><ul><li>Bestes Gesamtdesign<\/li><li>Innovativstes Design<\/li><li>Trendigstes Design<\/li><li>Wahl der W\u00e4hler<\/li><\/ul>\t\t\t\t\t\t\t\t<\/div>\n\t\t\t\t<\/div>\n\t\t\t\t<div class=\"elementor-element elementor-element-84571f9 elementor-widget elementor-widget-text-editor\" data-id=\"84571f9\" data-element_type=\"widget\" data-widget_type=\"text-editor.default\">\n\t\t\t\t<div class=\"elementor-widget-container\">\n\t\t\t\t\t\t\t\t\t<p><strong>Hinweis f\u00fcr Designer: <\/strong><br \/>Empfohlenes Format: 1920x1080px oder Mindestgr\u00f6\u00dfe 1280x720px, JPG oder PNG.<\/p>\t\t\t\t\t\t\t\t<\/div>\n\t\t\t\t<\/div>\n\t\t\t\t<div class=\"elementor-element elementor-element-dfc0f50 elementor-widget elementor-widget-text-editor\" data-id=\"dfc0f50\" data-element_type=\"widget\" data-widget_type=\"text-editor.default\">\n\t\t\t\t<div class=\"elementor-widget-container\">\n\t\t\t\t\t\t\t\t\t<p>Eine Jury aus Branchenexperten von 2020 und Compusoft, Sponsoren und Gastjuroren wird den Gewinner jeder Kategorie ausw\u00e4hlen. In der Kategorie &#8222;Voters&#8216; Choice&#8220; werden die drei besten Beitr\u00e4ge, die die meisten Stimmen erhalten haben, zu Finalisten. Der endg\u00fcltige Gewinner wird von der Jury von 2020 und Compusoft bestimmt.<\/p><ul><li><strong>Teilnahmeberechtigung:<\/strong> Mitarbeiter von 2020 Technologies und Compusoft und deren verbundenen Unternehmen, Vertreter, Berater, Werbe- und Verkaufsf\u00f6rderungsagenturen, Wettbewerber und andere Anbieter\/Verk\u00e4ufer sind nicht teilnahmeberechtigt. Ein Teilnehmer kann eine oder mehrere Ausgabe(n) &#8211; 2020 Design\/2020 Design Live\/2020 Fusion\/2020 Fusion Live, 2020 Visual Impression, Winner und Innoplus Rendering\/360\u00b0-Panorama\/ Showcase 360 &#8211; in mehreren Kategorien einreichen, kann aber nur einmal in diesem Wettbewerb gewinnen.<\/li><li>Der Wettbewerb ist weltweit offen. Es ist kein Kauf erforderlich.Einzelheiten: Alle 17 Gewinner des Wettbewerbs werden am 22. Juni 2022 per E-Mail von 2020 Technologies bekannt gegeben. Die 17 Gewinner gewinnen jeweils eine Amazon eGift Card.<\/li><li>Der Gewinner muss 2020 Technologies vollst\u00e4ndige Informationen zur Verf\u00fcgung stellen, einschlie\u00dflich seines Namens, seines Arbeitgebers, seiner Telefonnummer und seiner E-Mail-Adresse, andernfalls wird der Preis an den n\u00e4chsten g\u00fcltigen Gewinner weitergegeben.Alle Finalisten in jeder Kategorie (einschlie\u00dflich Voters&#8216; Choice) werden von 2020 und Compusoft kontaktiert und gebeten, eine .kit-Datei (2020 Design Live) oder eine .rom-Datei (2020 Fusion Live) sowie eine DRW-Datei (Winner) und IFZ-Dateien (Innoplus) einzureichen, um die Authentizit\u00e4t jedes Designs zu best\u00e4tigen, bevor ein Gewinner ausgew\u00e4hlt wird. Alle Gewinner sind f\u00fcr alle staatlichen, provinziellen, bundesstaatlichen oder lokalen Steuern verantwortlich, falls zutreffend. <\/li><li><strong>Wie Sie teilnehmen k\u00f6nnen:<\/strong> Reichen Sie Ihre Ergebnisse (Rendering) &#8211; 2020 Design\/2020 Design Live\/2020 Fusion\/2020 Fusion Live, 2020 Visual Impression, Winner und Innoplus &#8211; vom 20. April bis zum 23. Mai 2022 im Rahmen des &#8222;2020 and Compusoft Global Inspiration Contest&#8220; ein. 2020 Technologies und Compusoft sind nicht verantwortlich f\u00fcr versp\u00e4tete, verlorene oder fehlgeleitete Einladungen, f\u00fcr Kommunikations- oder \u00dcbertragungsfehler, f\u00fcr Unf\u00e4lle oder Druck-, Verwaltungs- oder andere Fehler jeglicher Art im Zusammenhang mit diesem Wettbewerb.<\/li><li><strong>Rechte und Pflichten von 2020:<\/strong> 2020 Technologies und Compusoft lehnen jegliche Haftung f\u00fcr Sch\u00e4den ab, die sich aus der Teilnahme an diesem Gewinnspiel ergeben, und behalten sich das Recht vor, dieses Gewinnspiel zu \u00e4ndern, zu stornieren, zu beenden oder auszusetzen, falls unbefugte menschliche Eingriffe oder andere Ursachen, die au\u00dferhalb der Kontrolle von 2020 Technologies und Compusoft liegen, die Verwaltung, Sicherheit, Fairness oder den ordnungsgem\u00e4\u00dfen Ablauf der Verlosung beeintr\u00e4chtigen oder st\u00f6ren. 2020 Technologies und Compusoft behalten sich das Recht vor, jeden Teilnehmer zu disqualifizieren, wenn dessen Betrug oder Fehlverhalten die Integrit\u00e4t des Gewinnspiels beeintr\u00e4chtigt. Mit der Einsendung Ihres Beitrags gew\u00e4hren Sie 2020 Technologies, Compusoft und den Sponsoren das ausschlie\u00dfliche, unbefristete, unwiderrufliche, unbeschr\u00e4nkte und geb\u00fchrenfreie Recht, den Beitrag, den Namen, die Stimme, die Zitate, den Firmennamen (falls zutreffend) und das Bild des Teilnehmers f\u00fcr k\u00fcnftige Marketingaktivit\u00e4ten zu verwenden, einschlie\u00dflich, aber nicht beschr\u00e4nkt auf Online-\/Papierpublikationen und Werbe- oder Schulungsvideos.<\/li><li><strong>Gewinnchancen\/Bewertungsverfahren:<\/strong> Die Gewinnchancen h\u00e4ngen von der Gesamtzahl der eingegangenen teilnahmeberechtigten Beitr\u00e4ge ab. Die Gewinner werden am 22. Juni 2022 per E-Mail von 2020 Technologies und Compusoft bekannt gegeben. Mit der Teilnahme erkl\u00e4rt sich jeder Teilnehmer mit den vorliegenden offiziellen Regeln einverstanden. Die Entscheidungen von 2020 und Compusoft sind endg\u00fcltig. Alle Gewinner erkl\u00e4ren sich damit einverstanden, dass ihr Name und der Name ihres Arbeitgebers online und in eventuellen zuk\u00fcnftigen Anzeigen und Pressemitteilungen von 2020 Technologies und Compusoft verwendet werden.<\/li><li><strong>Ausschluss von Garantien:<\/strong> Die Amazon eGift Card wird ohne jegliche ausdr\u00fcckliche oder stillschweigende Garantie bez\u00fcglich ihres Aussehens, ihrer Sicherheit oder ihrer Leistung zur Verf\u00fcgung gestellt, so wie sie ist. Der Gewinner tr\u00e4gt das gesamte Risiko des Verlusts oder der Besch\u00e4digung des Preises nach dessen Lieferung.<\/li><li><strong>Zus\u00e4tzliche Beschr\u00e4nkungen:<\/strong> Dieser Wettbewerb ist ung\u00fcltig, wo er verboten ist. Es gelten alle Bundes-, Landes-, Provinz-, Kommunal- und lokalen Gesetze und Vorschriften. Die Preise sind nicht \u00fcbertragbar. Ein Austausch ist nicht zul\u00e4ssig. 2020 Technologies und Compusoft behalten sich das Recht vor, diesen Wettbewerb jederzeit abzubrechen oder auszusetzen.<\/li><\/ul><p><strong>F\u00fcr weitere Informationen wenden Sie sich bitte an uns:<\/strong><br \/>2020 Hauptsitz<br \/>400 Boulevard Armand Frappier<br \/>Laval, QC<br \/>H7V 4B4<br \/>Kanada<br \/>E-Mail: <a href=\"mailto:inspirationawardscontest@2020spaces.com\" target=\"_blank\">inspirationawardscontest@2020spaces.com <\/a><\/p>\t\t\t\t\t\t\t\t<\/div>\n\t\t\t\t<\/div>\n\t\t\t\t\t<\/div>\n\t\t<\/div>\n\t\t\t\t\t<\/div>\n\t\t<\/section>\n\t\t\t\t<\/div>\n\t\t","protected":false},"excerpt":{"rendered":"<p>Regeln &#038; Vorschriften 2020 Technologies und Compusoft verlosen 12 Amazon-Geschenkkarten im Wert von jeweils 500 US-Dollar an die Erstplatzierten, die ihre Ergebnisse (z. B. Rendering, 360\u00b0-Panorama) aus 2020 Design Live, 2020 Fusion Live, 2020 Visual Impression, Winner oder Innoplus in einer der 12 Kategorien zum &#8222;2020 and Compusoft Global Inspiration Contest&#8220; einreichen. 2020 Design Live [&hellip;]<\/p>\n","protected":false},"author":3,"featured_media":0,"parent":0,"menu_order":0,"comment_status":"closed","ping_status":"closed","template":"","meta":{"ocean_post_layout":"","ocean_both_sidebars_style":"","ocean_both_sidebars_content_width":0,"ocean_both_sidebars_sidebars_width":0,"ocean_sidebar":"0","ocean_second_sidebar":"0","ocean_disable_margins":"enable","ocean_add_body_class":"","ocean_shortcode_before_top_bar":"","ocean_shortcode_after_top_bar":"","ocean_shortcode_before_header":"","ocean_shortcode_after_header":"","ocean_has_shortcode":"","ocean_shortcode_after_title":"","ocean_shortcode_before_footer_widgets":"","ocean_shortcode_after_footer_widgets":"","ocean_shortcode_before_footer_bottom":"","ocean_shortcode_after_footer_bottom":"","ocean_display_top_bar":"default","ocean_display_header":"default","ocean_header_style":"","ocean_center_header_left_menu":"0","ocean_custom_header_template":"0","ocean_custom_logo":0,"ocean_custom_retina_logo":0,"ocean_custom_logo_max_width":0,"ocean_custom_logo_tablet_max_width":0,"ocean_custom_logo_mobile_max_width":0,"ocean_custom_logo_max_height":0,"ocean_custom_logo_tablet_max_height":0,"ocean_custom_logo_mobile_max_height":0,"ocean_header_custom_menu":"0","ocean_menu_typo_font_family":"0","ocean_menu_typo_font_subset":"","ocean_menu_typo_font_size":0,"ocean_menu_typo_font_size_tablet":0,"ocean_menu_typo_font_size_mobile":0,"ocean_menu_typo_font_size_unit":"px","ocean_menu_typo_font_weight":"","ocean_menu_typo_font_weight_tablet":"","ocean_menu_typo_font_weight_mobile":"","ocean_menu_typo_transform":"","ocean_menu_typo_transform_tablet":"","ocean_menu_typo_transform_mobile":"","ocean_menu_typo_line_height":0,"ocean_menu_typo_line_height_tablet":0,"ocean_menu_typo_line_height_mobile":0,"ocean_menu_typo_line_height_unit":"","ocean_menu_typo_spacing":0,"ocean_menu_typo_spacing_tablet":0,"ocean_menu_typo_spacing_mobile":0,"ocean_menu_typo_spacing_unit":"","ocean_menu_link_color":"","ocean_menu_link_color_hover":"","ocean_menu_link_color_active":"","ocean_menu_link_background":"","ocean_menu_link_hover_background":"","ocean_menu_link_active_background":"","ocean_menu_social_links_bg":"","ocean_menu_social_hover_links_bg":"","ocean_menu_social_links_color":"","ocean_menu_social_hover_links_color":"","ocean_disable_title":"default","ocean_disable_heading":"default","ocean_post_title":"","ocean_post_subheading":"","ocean_post_title_style":"","ocean_post_title_background_color":"","ocean_post_title_background":0,"ocean_post_title_bg_image_position":"","ocean_post_title_bg_image_attachment":"","ocean_post_title_bg_image_repeat":"","ocean_post_title_bg_image_size":"","ocean_post_title_height":0,"ocean_post_title_bg_overlay":0.5,"ocean_post_title_bg_overlay_color":"","ocean_disable_breadcrumbs":"default","ocean_breadcrumbs_color":"","ocean_breadcrumbs_separator_color":"","ocean_breadcrumbs_links_color":"","ocean_breadcrumbs_links_hover_color":"","ocean_display_footer_widgets":"default","ocean_display_footer_bottom":"default","ocean_custom_footer_template":"0","footnotes":""},"class_list":["post-185","page","type-page","status-publish","hentry","entry"],"_links":{"self":[{"href":"https:\/\/contest-compusoft2020.com\/de\/wp-json\/wp\/v2\/pages\/185","targetHints":{"allow":["GET"]}}],"collection":[{"href":"https:\/\/contest-compusoft2020.com\/de\/wp-json\/wp\/v2\/pages"}],"about":[{"href":"https:\/\/contest-compusoft2020.com\/de\/wp-json\/wp\/v2\/types\/page"}],"author":[{"embeddable":true,"href":"https:\/\/contest-compusoft2020.com\/de\/wp-json\/wp\/v2\/users\/3"}],"replies":[{"embeddable":true,"href":"https:\/\/contest-compusoft2020.com\/de\/wp-json\/wp\/v2\/comments?post=185"}],"version-history":[{"count":0,"href":"https:\/\/contest-compusoft2020.com\/de\/wp-json\/wp\/v2\/pages\/185\/revisions"}],"wp:attachment":[{"href":"https:\/\/contest-compusoft2020.com\/de\/wp-json\/wp\/v2\/media?parent=185"}],"curies":[{"name":"wp","href":"https:\/\/api.w.org\/{rel}","templated":true}]}}